{"id":8637,"date":"2023-02-17T08:11:24","date_gmt":"2023-02-17T08:11:24","guid":{"rendered":"https:\/\/volcanacatenangotour.com\/?page_id=8637"},"modified":"2023-03-14T20:59:48","modified_gmt":"2023-03-14T20:59:48","slug":"recorrido","status":"publish","type":"page","link":"https:\/\/volcanacatenangotour.com\/en\/recorrido\/","title":{"rendered":"Route"},"content":{"rendered":"<div data-elementor-type=\"wp-page\" data-elementor-id=\"8637\" class=\"elementor elementor-8637\" data-elementor-post-type=\"page\">\n\t\t\t\t\t\t<section class=\"elementor-section elementor-top-section elementor-element elementor-element-c938479 elementor-section-content-middle elementor-reverse-mobile elementor-section-boxed elementor-section-height-default elementor-section-height-default\" data-id=\"c938479\" data-element_type=\"section\" id=\"nosotros\" data-settings=\"{&quot;background_background&quot;:&quot;classic&quot;}\">\n\t\t\t\t\t\t<div class=\"elementor-container elementor-column-gap-default\">\n\t\t\t\t\t<div class=\"elementor-column elementor-col-100 elementor-top-column elementor-element elementor-element-b312922 elementor-invisible\" data-id=\"b312922\" data-element_type=\"column\" data-settings=\"{&quot;animation&quot;:&quot;fadeInUp&quot;,&quot;animation_delay&quot;:550}\">\n\t\t\t<div class=\"elementor-widget-wrap elementor-element-populated\">\n\t\t\t\t\t\t<div class=\"elementor-element elementor-element-7eaed7b elementor-widget elementor-widget-text-editor\" data-id=\"7eaed7b\" data-element_type=\"widget\" data-widget_type=\"text-editor.default\">\n\t\t\t\t<div class=\"elementor-widget-container\">\n\t\t\t\t\t\t\t\t\t<p>ROUTE<\/p>\t\t\t\t\t\t\t\t<\/div>\n\t\t\t\t<\/div>\n\t\t\t\t<div class=\"elementor-element elementor-element-f6f58f0 elementor-widget elementor-widget-text-editor\" data-id=\"f6f58f0\" data-element_type=\"widget\" data-widget_type=\"text-editor.default\">\n\t\t\t\t<div class=\"elementor-widget-container\">\n\t\t\t\t\t\t\t\t\t<p>* Start of the walk we have 2200 meters above sea level, located in the Aldea la Soledad ready to break the ice on the heights of the volcano with a lot of energy. The route for the first rest is approximately 35 minutes to the restaurant where different drinks are offered to refresh and taste the first view of the beginning of the volcano, there is a toilet, among others.<\/p><p>* From the restaurant to the checkpoint we have approximately 1 hour, it is a canine that contains steps made by the entire work team, sandy to start the mountain of the Acatenango volcano, we also have the registration post where the corresponding fee is made for your climbing the volcano of fire. In this position we have an altitude of 2772 meters above sea level, it is known as the registration area.<\/p><p>* From the gatehouse to the entrance to the Raicero is a more strategic path until reaching the known limit point, it is a cloud forest, a cold place where you can appreciate how green nature is and experience how hot and cold this climate is. Its altitude is 3000 meters.<\/p><p>* From the rooter to the Rock, we will visit the second cloud forest where we will observe the Dead Forest and we can also enjoy the view at a high altitude of 3200 meters, it is a suitable place to eat and drink what is necessary to meet the desired goal.<\/p><p>* From this point the Rock towards the road where the vehicles arrive, known as the barrel. An area where there is a lot of wind, enjoy a view of the Antigua volcano, as well as being a place to make the decision towards which volcano you want to travel to, it can be the first, the second or the fire one. We are at a height of 3456 meters.<\/p><p>* From the barrel to the camps it is a comfortable, flat, fast road, its journey is approximately 45 minutes to your destination. We are at 3,578 meters above sea level. It is an area to take photos, enjoy the beauty of the Fuego volcano, and appreciate volcanoes such as Antigua and Pacaya.<\/p>\t\t\t\t\t\t\t\t<\/div>\n\t\t\t\t<\/div>\n\t\t\t\t<div class=\"elementor-element elementor-element-0a3ee91 elementor-widget elementor-widget-button\" data-id=\"0a3ee91\" data-element_type=\"widget\" data-widget_type=\"button.default\">\n\t\t\t\t<div class=\"elementor-widget-container\">\n\t\t\t\t\t\t\t\t\t<div class=\"elementor-button-wrapper\">\n\t\t\t\t\t<a class=\"elementor-button elementor-button-link elementor-size-sm\" href=\"https:\/\/volcanacatenangotour.com\/en\/#contacto\">\n\t\t\t\t\t\t<span class=\"elementor-button-content-wrapper\">\n\t\t\t\t\t\t\t\t\t<span class=\"elementor-button-text\">CONTACT<\/span>\n\t\t\t\t\t<\/span>\n\t\t\t\t\t<\/a>\n\t\t\t\t<\/div>\n\t\t\t\t\t\t\t\t<\/div>\n\t\t\t\t<\/div>\n\t\t\t\t\t<\/div>\n\t\t<\/div>\n\t\t\t\t\t<\/div>\n\t\t<\/section>\n\t\t\t\t<section class=\"elementor-section elementor-top-section elementor-element elementor-element-f38c881 elementor-section-boxed elementor-section-height-default elementor-section-height-default\" data-id=\"f38c881\" data-element_type=\"section\" data-settings=\"{&quot;background_background&quot;:&quot;classic&quot;,&quot;shape_divider_top&quot;:&quot;waves&quot;,&quot;shape_divider_bottom&quot;:&quot;waves&quot;}\">\n\t\t\t\t\t<div class=\"elementor-shape elementor-shape-top\" data-negative=\"false\">\n\t\t\t<svg xmlns=\"http:\/\/www.w3.org\/2000\/svg\" viewbox=\"0 0 1000 100\" preserveaspectratio=\"none\">\n\t<path class=\"elementor-shape-fill\" d=\"M421.9,6.5c22.6-2.5,51.5,0.4,75.5,5.3c23.6,4.9,70.9,23.5,100.5,35.7c75.8,32.2,133.7,44.5,192.6,49.7\tc23.6,2.1,48.7,3.5,103.4-2.5c54.7-6,106.2-25.6,106.2-25.6V0H0v30.3c0,0,72,32.6,158.4,30.5c39.2-0.7,92.8-6.7,134-22.4\tc21.2-8.1,52.2-18.2,79.7-24.2C399.3,7.9,411.6,7.5,421.9,6.5z\"\/>\n<\/svg>\t\t<\/div>\n\t\t\t\t<div class=\"elementor-shape elementor-shape-bottom\" data-negative=\"false\">\n\t\t\t<svg xmlns=\"http:\/\/www.w3.org\/2000\/svg\" viewbox=\"0 0 1000 100\" preserveaspectratio=\"none\">\n\t<path class=\"elementor-shape-fill\" d=\"M421.9,6.5c22.6-2.5,51.5,0.4,75.5,5.3c23.6,4.9,70.9,23.5,100.5,35.7c75.8,32.2,133.7,44.5,192.6,49.7\tc23.6,2.1,48.7,3.5,103.4-2.5c54.7-6,106.2-25.6,106.2-25.6V0H0v30.3c0,0,72,32.6,158.4,30.5c39.2-0.7,92.8-6.7,134-22.4\tc21.2-8.1,52.2-18.2,79.7-24.2C399.3,7.9,411.6,7.5,421.9,6.5z\"\/>\n<\/svg>\t\t<\/div>\n\t\t\t\t\t<div class=\"elementor-container elementor-column-gap-default\">\n\t\t\t\t\t<div class=\"elementor-column elementor-col-100 elementor-top-column elementor-element elementor-element-9cb9885\" data-id=\"9cb9885\" data-element_type=\"column\">\n\t\t\t<div class=\"elementor-widget-wrap elementor-element-populated\">\n\t\t\t\t\t\t<div class=\"elementor-element elementor-element-ee0a8f2 elementor-widget elementor-widget-text-editor\" data-id=\"ee0a8f2\" data-element_type=\"widget\" data-widget_type=\"text-editor.default\">\n\t\t\t\t<div class=\"elementor-widget-container\">\n\t\t\t\t\t\t\t\t\t<p>FOLLOW US!<\/p>\t\t\t\t\t\t\t\t<\/div>\n\t\t\t\t<\/div>\n\t\t\t\t<div class=\"elementor-element elementor-element-d6c56b7 elementor-shape-circle elementor-grid-0 e-grid-align-center elementor-widget elementor-widget-social-icons\" data-id=\"d6c56b7\" data-element_type=\"widget\" data-widget_type=\"social-icons.default\">\n\t\t\t\t<div class=\"elementor-widget-container\">\n\t\t\t\t\t\t\t<div class=\"elementor-social-icons-wrapper elementor-grid\">\n\t\t\t\t\t\t\t<span class=\"elementor-grid-item\">\n\t\t\t\t\t<a class=\"elementor-icon elementor-social-icon elementor-social-icon-facebook elementor-repeater-item-0c409b1\" href=\"https:\/\/www.facebook.com\/toursvolcanAcatenango502?mibextid=ZbWKwL\" target=\"_blank\">\n\t\t\t\t\t\t<span class=\"elementor-screen-only\">Facebook<\/span>\n\t\t\t\t\t\t<i class=\"fab fa-facebook\"><\/i>\t\t\t\t\t<\/a>\n\t\t\t\t<\/span>\n\t\t\t\t\t\t\t<span class=\"elementor-grid-item\">\n\t\t\t\t\t<a class=\"elementor-icon elementor-social-icon elementor-social-icon-instagram elementor-repeater-item-3d6743c\" href=\"https:\/\/www.instagram.com\/p\/CnihhgOsT9a\/?igshid=YmMyMTA2M2Y=\" target=\"_blank\">\n\t\t\t\t\t\t<span class=\"elementor-screen-only\">instagram<\/span>\n\t\t\t\t\t\t<i class=\"fab fa-instagram\"><\/i>\t\t\t\t\t<\/a>\n\t\t\t\t<\/span>\n\t\t\t\t\t\t\t<span class=\"elementor-grid-item\">\n\t\t\t\t\t<a class=\"elementor-icon elementor-social-icon elementor-social-icon- elementor-repeater-item-424aa6e\" href=\"https:\/\/www.tiktok.com\/@volcanacatenangotours\" target=\"_blank\">\n\t\t\t\t\t\t<span class=\"elementor-screen-only\"><\/span>\n\t\t\t\t\t\t<svg xmlns=\"http:\/\/www.w3.org\/2000\/svg\" xmlns:xlink=\"http:\/\/www.w3.org\/1999\/xlink\" width=\"800\" viewbox=\"0 0 600 599.999999\" height=\"800\" preserveaspectratio=\"xMidYMid meet\"><path fill=\"#ffffff\" d=\"M 545.453125 0 L 54.546875 0 C 24.410156 0 0 24.410156 0 54.546875 L 0 545.453125 C 0 575.589844 24.410156 600 54.546875 600 L 545.453125 600 C 575.589844 600 600 575.589844 600 545.453125 L 600 54.546875 C 600 24.410156 575.5625 0 545.453125 0 Z M 509.699219 258.382812 C 506.15625 258.710938 502.582031 258.925781 498.980469 258.925781 C 458.210938 258.925781 422.371094 237.980469 401.507812 206.261719 C 401.507812 289.417969 401.507812 384.054688 401.507812 385.636719 C 401.507812 458.863281 342.136719 518.210938 268.9375 518.210938 C 195.738281 518.183594 136.363281 458.808594 136.363281 385.609375 C 136.363281 312.382812 195.738281 253.035156 268.9375 253.035156 C 271.71875 253.035156 274.417969 253.28125 277.117188 253.445312 L 277.117188 318.789062 C 274.390625 318.464844 271.746094 317.972656 268.9375 317.972656 C 231.574219 317.972656 201.273438 348.273438 201.273438 385.636719 C 201.273438 423 231.546875 453.300781 268.9375 453.300781 C 306.328125 453.300781 339.328125 423.84375 339.328125 386.480469 C 339.328125 384.980469 339.980469 81.84375 339.980469 81.84375 L 402.410156 81.84375 C 408.273438 137.671875 453.355469 181.746094 509.699219 185.78125 Z M 509.699219 258.382812 \" fill-opacity=\"1\" fill-rule=\"nonzero\"><\/path><\/svg>\t\t\t\t\t<\/a>\n\t\t\t\t<\/span>\n\t\t\t\t\t<\/div>\n\t\t\t\t\t\t<\/div>\n\t\t\t\t<\/div>\n\t\t\t\t<div class=\"elementor-element elementor-element-4d49261 elementor-widget elementor-widget-text-editor\" data-id=\"4d49261\" data-element_type=\"widget\" data-widget_type=\"text-editor.default\">\n\t\t\t\t<div class=\"elementor-widget-container\">\n\t\t\t\t\t\t\t\t\t[elfsight_instagram_feed id=\u201d2\u2033] \t\t\t\t\t\t\t\t<\/div>\n\t\t\t\t<\/div>\n\t\t\t\t\t<\/div>\n\t\t<\/div>\n\t\t\t\t\t<\/div>\n\t\t<\/section>\n\t\t\t\t<\/div>","protected":false},"excerpt":{"rendered":"<p>ROUTE * Beginning of the walk we have 2200 meters above sea level, located in the Aldea la Soledad ready to break the ice on the heights of the volcano with a lot of energy. The route for the first rest is approximately 35 minutes to the restaurant where different drinks are offered to refresh and taste [\u2026]<\/p>","protected":false},"author":6,"featured_media":7939,"parent":0,"menu_order":0,"comment_status":"closed","ping_status":"closed","template":"template\/homepage-template.php","meta":{"footnotes":""},"class_list":["post-8637","page","type-page","status-publish","has-post-thumbnail","hentry"],"yoast_head":"<!-- This site is optimized with the Yoast SEO plugin v17.3 - https:\/\/yoast.com\/wordpress\/plugins\/seo\/ -->\n<title>Recorrido - Volc\u00e1n Acatenango Tours Guatemala<\/title>\n<meta name=\"robots\" content=\"index, follow, max-snippet:-1, max-image-preview:large, max-video-preview:-1\" \/>\n<link rel=\"canonical\" href=\"https:\/\/volcanacatenangotour.com\/en\/recorrido\/\" \/>\n<meta property=\"og:locale\" content=\"en_US\" \/>\n<meta property=\"og:type\" content=\"article\" \/>\n<meta property=\"og:title\" content=\"Recorrido - Volc\u00e1n Acatenango Tours Guatemala\" \/>\n<meta property=\"og:description\" content=\"RECORRIDO * Inicio de la caminata tenemos 2200 metros del nivel del mar, ubicado en la Aldea la Soledad dispuestos a romper el hielo en las alturas del volc\u00e1n con mucha energ\u00eda. El recorrido para el primero descanso es aproximadamente 35 minutos hacia el restaurante donde se ofrecen diferentes bebidas para refrescarse y degustar de [&hellip;]\" \/>\n<meta property=\"og:url\" content=\"https:\/\/volcanacatenangotour.com\/en\/recorrido\/\" \/>\n<meta property=\"og:site_name\" content=\"Volc\u00e1n Acatenango Tours Guatemala\" \/>\n<meta property=\"article:modified_time\" content=\"2023-03-14T20:59:48+00:00\" \/>\n<meta property=\"og:image\" content=\"https:\/\/volcanacatenangotour.com\/wp-content\/uploads\/2019\/09\/logo-mundo-tech-png2.png\" \/>\n\t<meta property=\"og:image:width\" content=\"2275\" \/>\n\t<meta property=\"og:image:height\" content=\"2344\" \/>\n<meta name=\"twitter:card\" content=\"summary_large_image\" \/>\n<meta name=\"twitter:label1\" content=\"Est. reading time\" \/>\n\t<meta name=\"twitter:data1\" content=\"4 minutes\" \/>\n<script type=\"application\/ld+json\" class=\"yoast-schema-graph\">{\"@context\":\"https:\/\/schema.org\",\"@graph\":[{\"@type\":\"Organization\",\"@id\":\"https:\/\/volcanacatenangotour.com\/#organization\",\"name\":\"Volcan Acatenango tours\",\"url\":\"https:\/\/volcanacatenangotour.com\/\",\"sameAs\":[],\"logo\":{\"@type\":\"ImageObject\",\"@id\":\"https:\/\/volcanacatenangotour.com\/#logo\",\"inLanguage\":\"en-US\",\"url\":\"https:\/\/volcanacatenangotour.com\/wp-content\/uploads\/2023\/02\/cropped-WhatsApp-Image-2023-02-10-at-15.25.35-2.jpeg\",\"contentUrl\":\"https:\/\/volcanacatenangotour.com\/wp-content\/uploads\/2023\/02\/cropped-WhatsApp-Image-2023-02-10-at-15.25.35-2.jpeg\",\"width\":512,\"height\":512,\"caption\":\"Volcan Acatenango tours\"},\"image\":{\"@id\":\"https:\/\/volcanacatenangotour.com\/#logo\"}},{\"@type\":\"WebSite\",\"@id\":\"https:\/\/volcanacatenangotour.com\/#website\",\"url\":\"https:\/\/volcanacatenangotour.com\/\",\"name\":\"Volc\\u00e1n Acatenango Tours Guatemala\",\"description\":\"Tours Grupales, Privados, Camping en Volc\\u00e1n Acaten\\u00e1ngo\",\"publisher\":{\"@id\":\"https:\/\/volcanacatenangotour.com\/#organization\"},\"potentialAction\":[{\"@type\":\"SearchAction\",\"target\":{\"@type\":\"EntryPoint\",\"urlTemplate\":\"https:\/\/volcanacatenangotour.com\/?s={search_term_string}\"},\"query-input\":\"required name=search_term_string\"}],\"inLanguage\":\"en-US\"},{\"@type\":\"ImageObject\",\"@id\":\"https:\/\/volcanacatenangotour.com\/recorrido\/#primaryimage\",\"inLanguage\":\"en-US\",\"url\":\"https:\/\/volcanacatenangotour.com\/wp-content\/uploads\/2019\/09\/logo-mundo-tech-png2.png\",\"contentUrl\":\"https:\/\/volcanacatenangotour.com\/wp-content\/uploads\/2019\/09\/logo-mundo-tech-png2.png\",\"width\":2275,\"height\":2344},{\"@type\":\"WebPage\",\"@id\":\"https:\/\/volcanacatenangotour.com\/recorrido\/#webpage\",\"url\":\"https:\/\/volcanacatenangotour.com\/recorrido\/\",\"name\":\"Recorrido - Volc\\u00e1n Acatenango Tours Guatemala\",\"isPartOf\":{\"@id\":\"https:\/\/volcanacatenangotour.com\/#website\"},\"primaryImageOfPage\":{\"@id\":\"https:\/\/volcanacatenangotour.com\/recorrido\/#primaryimage\"},\"datePublished\":\"2023-02-17T08:11:24+00:00\",\"dateModified\":\"2023-03-14T20:59:48+00:00\",\"breadcrumb\":{\"@id\":\"https:\/\/volcanacatenangotour.com\/recorrido\/#breadcrumb\"},\"inLanguage\":\"en-US\",\"potentialAction\":[{\"@type\":\"ReadAction\",\"target\":[\"https:\/\/volcanacatenangotour.com\/recorrido\/\"]}]},{\"@type\":\"BreadcrumbList\",\"@id\":\"https:\/\/volcanacatenangotour.com\/recorrido\/#breadcrumb\",\"itemListElement\":[{\"@type\":\"ListItem\",\"position\":1,\"name\":\"Portada\",\"item\":\"https:\/\/volcanacatenangotour.com\/\"},{\"@type\":\"ListItem\",\"position\":2,\"name\":\"Recorrido\"}]}]}<\/script>\n<!-- \/ Yoast SEO plugin. -->","yoast_head_json":{"title":"Recorrido - Volc\u00e1n Acatenango Tours Guatemala","robots":{"index":"index","follow":"follow","max-snippet":"max-snippet:-1","max-image-preview":"max-image-preview:large","max-video-preview":"max-video-preview:-1"},"canonical":"https:\/\/volcanacatenangotour.com\/en\/recorrido\/","og_locale":"en_US","og_type":"article","og_title":"Recorrido - Volc\u00e1n Acatenango Tours Guatemala","og_description":"RECORRIDO * Inicio de la caminata tenemos 2200 metros del nivel del mar, ubicado en la Aldea la Soledad dispuestos a romper el hielo en las alturas del volc\u00e1n con mucha energ\u00eda. El recorrido para el primero descanso es aproximadamente 35 minutos hacia el restaurante donde se ofrecen diferentes bebidas para refrescarse y degustar de [&hellip;]","og_url":"https:\/\/volcanacatenangotour.com\/en\/recorrido\/","og_site_name":"Volc\u00e1n Acatenango Tours Guatemala","article_modified_time":"2023-03-14T20:59:48+00:00","og_image":[{"width":2275,"height":2344,"url":"https:\/\/volcanacatenangotour.com\/wp-content\/uploads\/2019\/09\/logo-mundo-tech-png2.png","type":"image\/png"}],"twitter_card":"summary_large_image","twitter_misc":{"Est. reading time":"4 minutes"},"schema":{"@context":"https:\/\/schema.org","@graph":[{"@type":"Organization","@id":"https:\/\/volcanacatenangotour.com\/#organization","name":"Volcan Acatenango tours","url":"https:\/\/volcanacatenangotour.com\/","sameAs":[],"logo":{"@type":"ImageObject","@id":"https:\/\/volcanacatenangotour.com\/#logo","inLanguage":"en-US","url":"https:\/\/volcanacatenangotour.com\/wp-content\/uploads\/2023\/02\/cropped-WhatsApp-Image-2023-02-10-at-15.25.35-2.jpeg","contentUrl":"https:\/\/volcanacatenangotour.com\/wp-content\/uploads\/2023\/02\/cropped-WhatsApp-Image-2023-02-10-at-15.25.35-2.jpeg","width":512,"height":512,"caption":"Volcan Acatenango tours"},"image":{"@id":"https:\/\/volcanacatenangotour.com\/#logo"}},{"@type":"WebSite","@id":"https:\/\/volcanacatenangotour.com\/#website","url":"https:\/\/volcanacatenangotour.com\/","name":"Volc\u00e1n Acatenango Tours Guatemala","description":"Tours Grupales, Privados, Camping en Volc\u00e1n Acaten\u00e1ngo","publisher":{"@id":"https:\/\/volcanacatenangotour.com\/#organization"},"potentialAction":[{"@type":"SearchAction","target":{"@type":"EntryPoint","urlTemplate":"https:\/\/volcanacatenangotour.com\/?s={search_term_string}"},"query-input":"required name=search_term_string"}],"inLanguage":"en-US"},{"@type":"ImageObject","@id":"https:\/\/volcanacatenangotour.com\/recorrido\/#primaryimage","inLanguage":"en-US","url":"https:\/\/volcanacatenangotour.com\/wp-content\/uploads\/2019\/09\/logo-mundo-tech-png2.png","contentUrl":"https:\/\/volcanacatenangotour.com\/wp-content\/uploads\/2019\/09\/logo-mundo-tech-png2.png","width":2275,"height":2344},{"@type":"WebPage","@id":"https:\/\/volcanacatenangotour.com\/recorrido\/#webpage","url":"https:\/\/volcanacatenangotour.com\/recorrido\/","name":"Recorrido - Volc\u00e1n Acatenango Tours Guatemala","isPartOf":{"@id":"https:\/\/volcanacatenangotour.com\/#website"},"primaryImageOfPage":{"@id":"https:\/\/volcanacatenangotour.com\/recorrido\/#primaryimage"},"datePublished":"2023-02-17T08:11:24+00:00","dateModified":"2023-03-14T20:59:48+00:00","breadcrumb":{"@id":"https:\/\/volcanacatenangotour.com\/recorrido\/#breadcrumb"},"inLanguage":"en-US","potentialAction":[{"@type":"ReadAction","target":["https:\/\/volcanacatenangotour.com\/recorrido\/"]}]},{"@type":"BreadcrumbList","@id":"https:\/\/volcanacatenangotour.com\/recorrido\/#breadcrumb","itemListElement":[{"@type":"ListItem","position":1,"name":"Portada","item":"https:\/\/volcanacatenangotour.com\/"},{"@type":"ListItem","position":2,"name":"Recorrido"}]}]}},"_links":{"self":[{"href":"https:\/\/volcanacatenangotour.com\/en\/wp-json\/wp\/v2\/pages\/8637","targetHints":{"allow":["GET"]}}],"collection":[{"href":"https:\/\/volcanacatenangotour.com\/en\/wp-json\/wp\/v2\/pages"}],"about":[{"href":"https:\/\/volcanacatenangotour.com\/en\/wp-json\/wp\/v2\/types\/page"}],"author":[{"embeddable":true,"href":"https:\/\/volcanacatenangotour.com\/en\/wp-json\/wp\/v2\/users\/6"}],"replies":[{"embeddable":true,"href":"https:\/\/volcanacatenangotour.com\/en\/wp-json\/wp\/v2\/comments?post=8637"}],"version-history":[{"count":10,"href":"https:\/\/volcanacatenangotour.com\/en\/wp-json\/wp\/v2\/pages\/8637\/revisions"}],"predecessor-version":[{"id":8687,"href":"https:\/\/volcanacatenangotour.com\/en\/wp-json\/wp\/v2\/pages\/8637\/revisions\/8687"}],"wp:featuredmedia":[{"embeddable":true,"href":"https:\/\/volcanacatenangotour.com\/en\/wp-json\/wp\/v2\/media\/7939"}],"wp:attachment":[{"href":"https:\/\/volcanacatenangotour.com\/en\/wp-json\/wp\/v2\/media?parent=8637"}],"curies":[{"name":"wp","href":"https:\/\/api.w.org\/{rel}","templated":true}]}}