{"id":8813,"date":"2024-01-30T05:04:04","date_gmt":"2024-01-30T05:04:04","guid":{"rendered":"https:\/\/volcanacatenangotour.com\/?page_id=8813"},"modified":"2025-05-23T01:50:57","modified_gmt":"2025-05-23T01:50:57","slug":"recorrido-4x4","status":"publish","type":"page","link":"https:\/\/volcanacatenangotour.com\/en\/recorrido-4x4\/","title":{"rendered":"4\u00d74 Tour"},"content":{"rendered":"<div data-elementor-type=\"wp-page\" data-elementor-id=\"8813\" class=\"elementor elementor-8813\" data-elementor-post-type=\"page\">\n\t\t\t\t\t\t<section class=\"elementor-section elementor-top-section elementor-element elementor-element-53f03007 elementor-section-full_width elementor-section-stretched elementor-section-height-default elementor-section-height-default\" data-id=\"53f03007\" data-element_type=\"section\" data-settings=\"{&quot;stretch_section&quot;:&quot;section-stretched&quot;}\">\n\t\t\t\t\t\t<div class=\"elementor-container elementor-column-gap-default\">\n\t\t\t\t\t<div class=\"elementor-column elementor-col-100 elementor-top-column elementor-element elementor-element-29e3ad17\" data-id=\"29e3ad17\" data-element_type=\"column\">\n\t\t\t<div class=\"elementor-widget-wrap elementor-element-populated\">\n\t\t\t\t\t\t<div class=\"elementor-element elementor-element-2da1b8b5 elementor-widget-mobile__width-inherit elementor-widget elementor-widget-text-editor\" data-id=\"2da1b8b5\" data-element_type=\"widget\" data-widget_type=\"text-editor.default\">\n\t\t\t\t<div class=\"elementor-widget-container\">\n\t\t\t\t\t\t\t\t\t<p><span style=\"font-size: 24pt; color: #ff0000;\">Volc\u00e1n acatenango 4&#215;4<\/span><\/p><p>Day 1 departure from Antigua at 11am from Antigua. We go to a point where meals are delivered, then we continue in the car to the volcano where the car arrives at 3pm there we walk 1 more hour to the camp there we rest in the camp there you can see the Fuego volcano in eruption<\/p><p>Day 2 at 4 in the morning we walk another hour and a half to the crater to see the sunrise and be back at the camp at 7 am there we have breakfast to start walking to take the 4x4<br \/>There you are back in Antigua at 12 noon<\/p><p>What&#039;s included<\/p><p>\u2705Local guide<br \/>\u2705Entrance fee<br \/>\u27054\u00d74 car from ancient times<br \/>\u27052 meals dinner and breakfast<br \/>\u2705Sleeping house<br \/>\u2705Sleeping bag pillow<br \/>\u2705Hot drink<br \/>\u2705Campfire<br \/>\u2705Jacket<\/p><p>Price Q1600 per person<\/p><p><a href=\"https:\/\/volcanacatenangotour.com\/en\/#contacto\"><br \/>CONTACT<br \/><\/a><\/p><p>FOLLOW US!<\/p><p><a href=\"https:\/\/www.facebook.com\/toursvolcanAcatenango502?mibextid=ZbWKwL\" target=\"_blank\" rel=\"noopener\">Facebook<\/a><br \/><a href=\"https:\/\/www.instagram.com\/p\/CnihhgOsT9a\/?igshid=YmMyMTA2M2Y=\" target=\"_blank\" rel=\"noopener\"><br \/>instagram<\/a><\/p>\t\t\t\t\t\t\t\t<\/div>\n\t\t\t\t<\/div>\n\t\t\t\t\t<\/div>\n\t\t<\/div>\n\t\t\t\t\t<\/div>\n\t\t<\/section>\n\t\t\t\t<\/div>","protected":false},"excerpt":{"rendered":"<p>Volc\u00e1n acatenango 4&#215;4 D\u00eda 1 salida desde antigua 11am desde la antigua. Nos vamos a un punto donde se entrega las comidas despu\u00e9s se sigue en el carro para el volcan en donde llega el carro se llega a las 3 de la tarde ah\u00ed se camina 1 hora m\u00e1s al campamento ah\u00ed se descansa [&hellip;]<\/p>","protected":false},"author":6,"featured_media":8898,"parent":0,"menu_order":0,"comment_status":"closed","ping_status":"closed","template":"","meta":{"footnotes":""},"class_list":["post-8813","page","type-page","status-publish","has-post-thumbnail","hentry"],"yoast_head":"<!-- This site is optimized with the Yoast SEO plugin v17.3 - https:\/\/yoast.com\/wordpress\/plugins\/seo\/ -->\n<title>Recorrido 4x4 - Volc\u00e1n Acatenango Tours Guatemala<\/title>\n<meta name=\"robots\" content=\"index, follow, max-snippet:-1, max-image-preview:large, max-video-preview:-1\" \/>\n<link rel=\"canonical\" href=\"https:\/\/volcanacatenangotour.com\/en\/recorrido-4x4\/\" \/>\n<meta property=\"og:locale\" content=\"en_US\" \/>\n<meta property=\"og:type\" content=\"article\" \/>\n<meta property=\"og:title\" content=\"Recorrido 4x4 - Volc\u00e1n Acatenango Tours Guatemala\" \/>\n<meta property=\"og:description\" content=\"Volc\u00e1n acatenango 4&#215;4 D\u00eda 1 salida desde antigua 11am desde la antigua. Nos vamos a un punto donde se entrega las comidas despu\u00e9s se sigue en el carro para el volcan en donde llega el carro se llega a las 3 de la tarde ah\u00ed se camina 1 hora m\u00e1s al campamento ah\u00ed se descansa [&hellip;]\" \/>\n<meta property=\"og:url\" content=\"https:\/\/volcanacatenangotour.com\/en\/recorrido-4x4\/\" \/>\n<meta property=\"og:site_name\" content=\"Volc\u00e1n Acatenango Tours Guatemala\" \/>\n<meta property=\"article:modified_time\" content=\"2025-05-23T01:50:57+00:00\" \/>\n<meta property=\"og:image\" content=\"https:\/\/volcanacatenangotour.com\/wp-content\/uploads\/2024\/12\/Imagen-de-WhatsApp-2024-11-20-a-las-09.36.29_9b0ee59d.jpg\" \/>\n\t<meta property=\"og:image:width\" content=\"1280\" \/>\n\t<meta property=\"og:image:height\" content=\"1600\" \/>\n<meta name=\"twitter:card\" content=\"summary_large_image\" \/>\n<meta name=\"twitter:label1\" content=\"Est. reading time\" \/>\n\t<meta name=\"twitter:data1\" content=\"4 minutes\" \/>\n<script type=\"application\/ld+json\" class=\"yoast-schema-graph\">{\"@context\":\"https:\/\/schema.org\",\"@graph\":[{\"@type\":\"Organization\",\"@id\":\"https:\/\/volcanacatenangotour.com\/#organization\",\"name\":\"Volcan Acatenango tours\",\"url\":\"https:\/\/volcanacatenangotour.com\/\",\"sameAs\":[],\"logo\":{\"@type\":\"ImageObject\",\"@id\":\"https:\/\/volcanacatenangotour.com\/#logo\",\"inLanguage\":\"en-US\",\"url\":\"https:\/\/volcanacatenangotour.com\/wp-content\/uploads\/2023\/02\/cropped-WhatsApp-Image-2023-02-10-at-15.25.35-2.jpeg\",\"contentUrl\":\"https:\/\/volcanacatenangotour.com\/wp-content\/uploads\/2023\/02\/cropped-WhatsApp-Image-2023-02-10-at-15.25.35-2.jpeg\",\"width\":512,\"height\":512,\"caption\":\"Volcan Acatenango tours\"},\"image\":{\"@id\":\"https:\/\/volcanacatenangotour.com\/#logo\"}},{\"@type\":\"WebSite\",\"@id\":\"https:\/\/volcanacatenangotour.com\/#website\",\"url\":\"https:\/\/volcanacatenangotour.com\/\",\"name\":\"Volc\\u00e1n Acatenango Tours Guatemala\",\"description\":\"Tours Grupales, Privados, Camping en Volc\\u00e1n Acaten\\u00e1ngo\",\"publisher\":{\"@id\":\"https:\/\/volcanacatenangotour.com\/#organization\"},\"potentialAction\":[{\"@type\":\"SearchAction\",\"target\":{\"@type\":\"EntryPoint\",\"urlTemplate\":\"https:\/\/volcanacatenangotour.com\/?s={search_term_string}\"},\"query-input\":\"required name=search_term_string\"}],\"inLanguage\":\"en-US\"},{\"@type\":\"ImageObject\",\"@id\":\"https:\/\/volcanacatenangotour.com\/recorrido-4x4\/#primaryimage\",\"inLanguage\":\"en-US\",\"url\":\"https:\/\/volcanacatenangotour.com\/wp-content\/uploads\/2024\/12\/Imagen-de-WhatsApp-2024-11-20-a-las-09.36.29_9b0ee59d.jpg\",\"contentUrl\":\"https:\/\/volcanacatenangotour.com\/wp-content\/uploads\/2024\/12\/Imagen-de-WhatsApp-2024-11-20-a-las-09.36.29_9b0ee59d.jpg\",\"width\":1280,\"height\":1600},{\"@type\":\"WebPage\",\"@id\":\"https:\/\/volcanacatenangotour.com\/recorrido-4x4\/#webpage\",\"url\":\"https:\/\/volcanacatenangotour.com\/recorrido-4x4\/\",\"name\":\"Recorrido 4x4 - Volc\\u00e1n Acatenango Tours Guatemala\",\"isPartOf\":{\"@id\":\"https:\/\/volcanacatenangotour.com\/#website\"},\"primaryImageOfPage\":{\"@id\":\"https:\/\/volcanacatenangotour.com\/recorrido-4x4\/#primaryimage\"},\"datePublished\":\"2024-01-30T05:04:04+00:00\",\"dateModified\":\"2025-05-23T01:50:57+00:00\",\"breadcrumb\":{\"@id\":\"https:\/\/volcanacatenangotour.com\/recorrido-4x4\/#breadcrumb\"},\"inLanguage\":\"en-US\",\"potentialAction\":[{\"@type\":\"ReadAction\",\"target\":[\"https:\/\/volcanacatenangotour.com\/recorrido-4x4\/\"]}]},{\"@type\":\"BreadcrumbList\",\"@id\":\"https:\/\/volcanacatenangotour.com\/recorrido-4x4\/#breadcrumb\",\"itemListElement\":[{\"@type\":\"ListItem\",\"position\":1,\"name\":\"Portada\",\"item\":\"https:\/\/volcanacatenangotour.com\/\"},{\"@type\":\"ListItem\",\"position\":2,\"name\":\"Recorrido 4&#215;4\"}]}]}<\/script>\n<!-- \/ Yoast SEO plugin. -->","yoast_head_json":{"title":"Recorrido 4x4 - Volc\u00e1n Acatenango Tours Guatemala","robots":{"index":"index","follow":"follow","max-snippet":"max-snippet:-1","max-image-preview":"max-image-preview:large","max-video-preview":"max-video-preview:-1"},"canonical":"https:\/\/volcanacatenangotour.com\/en\/recorrido-4x4\/","og_locale":"en_US","og_type":"article","og_title":"Recorrido 4x4 - Volc\u00e1n Acatenango Tours Guatemala","og_description":"Volc\u00e1n acatenango 4&#215;4 D\u00eda 1 salida desde antigua 11am desde la antigua. Nos vamos a un punto donde se entrega las comidas despu\u00e9s se sigue en el carro para el volcan en donde llega el carro se llega a las 3 de la tarde ah\u00ed se camina 1 hora m\u00e1s al campamento ah\u00ed se descansa [&hellip;]","og_url":"https:\/\/volcanacatenangotour.com\/en\/recorrido-4x4\/","og_site_name":"Volc\u00e1n Acatenango Tours Guatemala","article_modified_time":"2025-05-23T01:50:57+00:00","og_image":[{"width":1280,"height":1600,"url":"https:\/\/volcanacatenangotour.com\/wp-content\/uploads\/2024\/12\/Imagen-de-WhatsApp-2024-11-20-a-las-09.36.29_9b0ee59d.jpg","type":"image\/jpeg"}],"twitter_card":"summary_large_image","twitter_misc":{"Est. reading time":"4 minutes"},"schema":{"@context":"https:\/\/schema.org","@graph":[{"@type":"Organization","@id":"https:\/\/volcanacatenangotour.com\/#organization","name":"Volcan Acatenango tours","url":"https:\/\/volcanacatenangotour.com\/","sameAs":[],"logo":{"@type":"ImageObject","@id":"https:\/\/volcanacatenangotour.com\/#logo","inLanguage":"en-US","url":"https:\/\/volcanacatenangotour.com\/wp-content\/uploads\/2023\/02\/cropped-WhatsApp-Image-2023-02-10-at-15.25.35-2.jpeg","contentUrl":"https:\/\/volcanacatenangotour.com\/wp-content\/uploads\/2023\/02\/cropped-WhatsApp-Image-2023-02-10-at-15.25.35-2.jpeg","width":512,"height":512,"caption":"Volcan Acatenango tours"},"image":{"@id":"https:\/\/volcanacatenangotour.com\/#logo"}},{"@type":"WebSite","@id":"https:\/\/volcanacatenangotour.com\/#website","url":"https:\/\/volcanacatenangotour.com\/","name":"Volc\u00e1n Acatenango Tours Guatemala","description":"Tours Grupales, Privados, Camping en Volc\u00e1n Acaten\u00e1ngo","publisher":{"@id":"https:\/\/volcanacatenangotour.com\/#organization"},"potentialAction":[{"@type":"SearchAction","target":{"@type":"EntryPoint","urlTemplate":"https:\/\/volcanacatenangotour.com\/?s={search_term_string}"},"query-input":"required name=search_term_string"}],"inLanguage":"en-US"},{"@type":"ImageObject","@id":"https:\/\/volcanacatenangotour.com\/recorrido-4x4\/#primaryimage","inLanguage":"en-US","url":"https:\/\/volcanacatenangotour.com\/wp-content\/uploads\/2024\/12\/Imagen-de-WhatsApp-2024-11-20-a-las-09.36.29_9b0ee59d.jpg","contentUrl":"https:\/\/volcanacatenangotour.com\/wp-content\/uploads\/2024\/12\/Imagen-de-WhatsApp-2024-11-20-a-las-09.36.29_9b0ee59d.jpg","width":1280,"height":1600},{"@type":"WebPage","@id":"https:\/\/volcanacatenangotour.com\/recorrido-4x4\/#webpage","url":"https:\/\/volcanacatenangotour.com\/recorrido-4x4\/","name":"Recorrido 4x4 - Volc\u00e1n Acatenango Tours Guatemala","isPartOf":{"@id":"https:\/\/volcanacatenangotour.com\/#website"},"primaryImageOfPage":{"@id":"https:\/\/volcanacatenangotour.com\/recorrido-4x4\/#primaryimage"},"datePublished":"2024-01-30T05:04:04+00:00","dateModified":"2025-05-23T01:50:57+00:00","breadcrumb":{"@id":"https:\/\/volcanacatenangotour.com\/recorrido-4x4\/#breadcrumb"},"inLanguage":"en-US","potentialAction":[{"@type":"ReadAction","target":["https:\/\/volcanacatenangotour.com\/recorrido-4x4\/"]}]},{"@type":"BreadcrumbList","@id":"https:\/\/volcanacatenangotour.com\/recorrido-4x4\/#breadcrumb","itemListElement":[{"@type":"ListItem","position":1,"name":"Portada","item":"https:\/\/volcanacatenangotour.com\/"},{"@type":"ListItem","position":2,"name":"Recorrido 4&#215;4"}]}]}},"_links":{"self":[{"href":"https:\/\/volcanacatenangotour.com\/en\/wp-json\/wp\/v2\/pages\/8813","targetHints":{"allow":["GET"]}}],"collection":[{"href":"https:\/\/volcanacatenangotour.com\/en\/wp-json\/wp\/v2\/pages"}],"about":[{"href":"https:\/\/volcanacatenangotour.com\/en\/wp-json\/wp\/v2\/types\/page"}],"author":[{"embeddable":true,"href":"https:\/\/volcanacatenangotour.com\/en\/wp-json\/wp\/v2\/users\/6"}],"replies":[{"embeddable":true,"href":"https:\/\/volcanacatenangotour.com\/en\/wp-json\/wp\/v2\/comments?post=8813"}],"version-history":[{"count":46,"href":"https:\/\/volcanacatenangotour.com\/en\/wp-json\/wp\/v2\/pages\/8813\/revisions"}],"predecessor-version":[{"id":9061,"href":"https:\/\/volcanacatenangotour.com\/en\/wp-json\/wp\/v2\/pages\/8813\/revisions\/9061"}],"wp:featuredmedia":[{"embeddable":true,"href":"https:\/\/volcanacatenangotour.com\/en\/wp-json\/wp\/v2\/media\/8898"}],"wp:attachment":[{"href":"https:\/\/volcanacatenangotour.com\/en\/wp-json\/wp\/v2\/media?parent=8813"}],"curies":[{"name":"wp","href":"https:\/\/api.w.org\/{rel}","templated":true}]}}